{"id":85,"date":"2020-09-16T21:16:07","date_gmt":"2020-09-16T21:16:07","guid":{"rendered":"https:\/\/hidrored.com.ar\/?page_id=85"},"modified":"2020-09-23T23:03:00","modified_gmt":"2020-09-23T23:03:00","slug":"instalaciones-sanitarias","status":"publish","type":"page","link":"https:\/\/hidrored.com.ar\/index.php\/instalaciones-sanitarias\/","title":{"rendered":"Instalaciones Sanitarias"},"content":{"rendered":"<p>[et_pb_section fb_built=\u00bb1&#8243; _builder_version=\u00bb4.6.1&#8243; _module_preset=\u00bbdefault\u00bb background_image=\u00bbhttps:\/\/hidrored.com.ar\/wp-content\/uploads\/2020\/09\/HIDRORED-Instalaciones-Sanitarias.png\u00bb][et_pb_row column_structure=\u00bb1_2,1_2&#8243; _builder_version=\u00bb4.6.1&#8243; background_enable_image=\u00bboff\u00bb][et_pb_column type=\u00bb1_2&#8243; _builder_version=\u00bb3.26.2&#8243;][et_pb_text _builder_version=\u00bb4.6.1&#8243; header_font=\u00bb|300|||||||\u00bb header_text_color=\u00bb#0a2d61&#8243; header_font_size=\u00bb50px\u00bb header_2_font=\u00bb|300|||||||\u00bb header_font_size_tablet=\u00bb70px\u00bb header_font_size_phone=\u00bb36px\u00bb header_font_size_last_edited=\u00bbon|phone\u00bb locked=\u00bboff\u00bb]<\/p>\n<h2>INSTALACIONES<\/h2>\n<h1><strong>SANITARIAS<\/strong><\/h1>\n<p>[\/et_pb_text][et_pb_button button_url=\u00bbhttps:\/\/hidrored.com.ar\/index.php\/instalaciones-sanitarias\/#contactos\u00bb button_text=\u00bbcontratar servicio\u00bb _builder_version=\u00bb4.6.1&#8243; custom_button=\u00bbon\u00bb button_text_size=\u00bb14px\u00bb button_text_color=\u00bb#ffffff\u00bb button_bg_use_color_gradient=\u00bbon\u00bb button_bg_color_gradient_start=\u00bb#6bb764&#8243; button_bg_color_gradient_end=\u00bb#0c71c3&#8243; button_bg_color_gradient_direction=\u00bb148deg\u00bb button_border_width=\u00bb0px\u00bb button_border_radius=\u00bb100px\u00bb button_letter_spacing=\u00bb2px\u00bb button_font=\u00bbHeebo|700||on|||||\u00bb custom_padding=\u00bb15px|34px|15px|34px|true|true\u00bb box_shadow_style=\u00bbpreset3&#8243; box_shadow_vertical=\u00bb10px\u00bb box_shadow_blur=\u00bb30px\u00bb box_shadow_spread=\u00bb-10px\u00bb box_shadow_color=\u00bbrgba(255,142,96,0.39)\u00bb locked=\u00bboff\u00bb box_shadow_color__hover=\u00bb#2585b2&#8243; box_shadow_blur__hover_enabled=\u00bboff\u00bb box_shadow_blur__hover=\u00bb20px\u00bb box_shadow_vertical__hover_enabled=\u00bboff\u00bb box_shadow_vertical__hover=\u00bb10px\u00bb][\/et_pb_button][et_pb_blurb title=\u00bb+54 9 11 6107-1618&#8243; use_icon=\u00bbon\u00bb font_icon=\u00bb%%264%%\u00bb icon_color=\u00bb#0047d6&#8243; icon_placement=\u00bbleft\u00bb content_max_width=\u00bb100%\u00bb use_icon_font_size=\u00bbon\u00bb icon_font_size=\u00bb24px\u00bb _builder_version=\u00bb4.4.1&#8243; header_font=\u00bbHeebo|800|||||||\u00bb header_font_size=\u00bb16px\u00bb header_line_height=\u00bb1.5em\u00bb body_font=\u00bb||||||||\u00bb body_font_size=\u00bb15px\u00bb body_line_height=\u00bb1.8em\u00bb header_font_size_tablet=\u00bb15px\u00bb header_font_size_phone=\u00bb14px\u00bb header_font_size_last_edited=\u00bbon|phone\u00bb body_font_size_tablet=\u00bb\u00bb body_font_size_phone=\u00bb14px\u00bb body_font_size_last_edited=\u00bbon|phone\u00bb locked=\u00bboff\u00bb][\/et_pb_blurb][\/et_pb_column][et_pb_column type=\u00bb1_2&#8243; _builder_version=\u00bb3.26.2&#8243;][\/et_pb_column][\/et_pb_row][\/et_pb_section][et_pb_section fb_built=\u00bb1&#8243; _builder_version=\u00bb4.6.1&#8243; _module_preset=\u00bbdefault\u00bb][et_pb_row column_structure=\u00bb1_2,1_2&#8243; use_custom_gutter=\u00bbon\u00bb gutter_width=\u00bb2&#8243; make_equal=\u00bbon\u00bb _builder_version=\u00bb4.6.1&#8243; _module_preset=\u00bbdefault\u00bb width=\u00bb85%\u00bb][et_pb_column type=\u00bb1_2&#8243; _builder_version=\u00bb4.6.1&#8243; _module_preset=\u00bbdefault\u00bb][et_pb_blurb title=\u00bbProyecto y construcci\u00f3n de instalaciones sanitarias, gas e incendio \u00bb image=\u00bbhttps:\/\/hidrored.com.ar\/wp-content\/uploads\/2020\/09\/HIDRORED-Instalaciones-Sanitarias-2.png\u00bb _builder_version=\u00bb4.6.1&#8243; _module_preset=\u00bbdefault\u00bb header_font=\u00bb|600|||||||\u00bb header_text_align=\u00bbcenter\u00bb header_line_height=\u00bb1.4em\u00bb body_font=\u00bb|700|||||||\u00bb body_text_align=\u00bbcenter\u00bb body_text_color=\u00bb#3070b6&#8243; border_radii_image=\u00bbon|10px|10px|10px|10px\u00bb border_width_top_image=\u00bb4px\u00bb box_shadow_style_image=\u00bbpreset2&#8243; box_shadow_horizontal_image=\u00bb10px\u00bb box_shadow_vertical_image=\u00bb10px\u00bb]<\/p>\n<p>Normas locales y NFPA 13-14-20<\/p>\n<p>[\/et_pb_blurb][\/et_pb_column][et_pb_column type=\u00bb1_2&#8243; _builder_version=\u00bb4.6.1&#8243; _module_preset=\u00bbdefault\u00bb][et_pb_blurb title=\u00bbProyectos de Infraestructura \u00bb image=\u00bbhttps:\/\/hidrored.com.ar\/wp-content\/uploads\/2020\/09\/HIDRORED-Instalaciones-Sanitarias-3.png\u00bb _builder_version=\u00bb4.6.1&#8243; _module_preset=\u00bbdefault\u00bb header_font=\u00bb|600|||||||\u00bb header_text_align=\u00bbcenter\u00bb header_line_height=\u00bb1.4em\u00bb body_font=\u00bb|700|||||||\u00bb body_text_align=\u00bbcenter\u00bb body_text_color=\u00bb#3070b6&#8243; border_radii_image=\u00bbon|10px|10px|10px|10px\u00bb border_width_top_image=\u00bb4px\u00bb box_shadow_style_image=\u00bbpreset2&#8243; box_shadow_horizontal_image=\u00bb10px\u00bb box_shadow_vertical_image=\u00bb10px\u00bb]<\/p>\n<p>Urbana, Redes de Agua, Redes de Cloaca y Plantas de Tratamiento<\/p>\n<p>[\/et_pb_blurb][\/et_pb_column][\/et_pb_row][et_pb_row column_structure=\u00bb1_2,1_2&#8243; _builder_version=\u00bb4.6.1&#8243; _module_preset=\u00bbdefault\u00bb][et_pb_column type=\u00bb1_2&#8243; _builder_version=\u00bb4.6.1&#8243; _module_preset=\u00bbdefault\u00bb][et_pb_blurb title=\u00bbCalidad Profesional\u00bb use_icon=\u00bbon\u00bb font_icon=\u00bb%%57%%\u00bb icon_color=\u00bb#0c71c3&#8243; icon_placement=\u00bbleft\u00bb _builder_version=\u00bb4.6.1&#8243; _module_preset=\u00bbdefault\u00bb custom_padding=\u00bb||||false|false\u00bb]<\/p>\n<p><span style=\"font-weight: 400;\">Nuestros profesionales cuentan con posgrados en medio ambiente e ingenier\u00eda sanitaria y cursos en el exterior dictados por el IFSC sobre normas NFPA<\/span><\/p>\n<p>[\/et_pb_blurb][et_pb_blurb title=\u00bbVerificaci\u00f3n de Infraestructura\u00bb use_icon=\u00bbon\u00bb font_icon=\u00bb%%57%%\u00bb icon_color=\u00bb#0c71c3&#8243; icon_placement=\u00bbleft\u00bb _builder_version=\u00bb4.6.1&#8243; _module_preset=\u00bbdefault\u00bb]<\/p>\n<p><span style=\"font-weight: 400;\">Los dise\u00f1os de infraestructura son verificados por software<\/span><\/p>\n<p>[\/et_pb_blurb][et_pb_blurb title=\u00bbC\u00e1lculos Hidraulicos\u00bb use_icon=\u00bbon\u00bb font_icon=\u00bb%%57%%\u00bb icon_color=\u00bb#0c71c3&#8243; icon_placement=\u00bbleft\u00bb _builder_version=\u00bb4.6.1&#8243; _module_preset=\u00bbdefault\u00bb]<\/p>\n<p><span style=\"font-weight: 400;\">Para edificios en altura\u00a0<\/span><\/p>\n<p>[\/et_pb_blurb][et_pb_blurb title=\u00bbDimensionado de las Ca\u00f1er\u00edas \u00bb use_icon=\u00bbon\u00bb font_icon=\u00bb%%57%%\u00bb icon_color=\u00bb#0c71c3&#8243; icon_placement=\u00bbleft\u00bb _builder_version=\u00bb4.6.1&#8243; _module_preset=\u00bbdefault\u00bb]<\/p>\n<p><span style=\"font-weight: 400;\">&#8230; de abastecimiento de agua en funciones de velocidad \u00f3ptimas de funcionamiento<\/span><\/p>\n<p>[\/et_pb_blurb][\/et_pb_column][et_pb_column type=\u00bb1_2&#8243; _builder_version=\u00bb4.6.1&#8243; _module_preset=\u00bbdefault\u00bb][et_pb_blurb title=\u00bbVerificaci\u00f3n y Dimensionado \u00bb use_icon=\u00bbon\u00bb font_icon=\u00bb%%57%%\u00bb icon_color=\u00bb#0c71c3&#8243; icon_placement=\u00bbleft\u00bb _builder_version=\u00bb4.6.1&#8243; _module_preset=\u00bbdefault\u00bb]<\/p>\n<p><span style=\"font-weight: 400;\">De ca\u00f1er\u00edas verticales de descarga y ventilaci\u00f3n. Ventilaciones subsidiarias con el fin de minimizar los efectos de presiones positivas y negativas sobre cierres hidr\u00e1ulicos<\/span><\/p>\n<p>[\/et_pb_blurb][et_pb_blurb title=\u00bbDocumentaci\u00f3n\u00bb use_icon=\u00bbon\u00bb font_icon=\u00bb%%57%%\u00bb icon_color=\u00bb#0c71c3&#8243; icon_placement=\u00bbleft\u00bb _builder_version=\u00bb4.6.1&#8243; _module_preset=\u00bbdefault\u00bb]<\/p>\n<p><span style=\"font-weight: 400;\">Confecci\u00f3n de documentacion ejecutiva para realizaci\u00f3n de obras<\/span><\/p>\n<p>[\/et_pb_blurb][et_pb_blurb title=\u00bbDimensionado del Sistema Pluvial\u00bb use_icon=\u00bbon\u00bb font_icon=\u00bb%%57%%\u00bb icon_color=\u00bb#0c71c3&#8243; icon_placement=\u00bbleft\u00bb _builder_version=\u00bb4.6.1&#8243; _module_preset=\u00bbdefault\u00bb]<\/p>\n<p><span style=\"font-weight: 400;\">.. y funci\u00f3n de las lluvias actuales y ventilaciones en las zonas de presiones positivas<\/span><\/p>\n<p>[\/et_pb_blurb][et_pb_blurb title=\u00bbEstudio de simultaneidades de consume\u00bb use_icon=\u00bbon\u00bb font_icon=\u00bb%%57%%\u00bb icon_color=\u00bb#0c71c3&#8243; icon_placement=\u00bbleft\u00bb _builder_version=\u00bb4.6.1&#8243; _module_preset=\u00bbdefault\u00bb][\/et_pb_blurb][\/et_pb_column][\/et_pb_row][\/et_pb_section][et_pb_section fb_built=\u00bb1&#8243; specialty=\u00bbon\u00bb _builder_version=\u00bb4.6.1&#8243; _module_preset=\u00bbdefault\u00bb background_color=\u00bb#37519e\u00bb][et_pb_column type=\u00bb1_2&#8243; _builder_version=\u00bb3.25&#8243; custom_padding=\u00bb|||\u00bb custom_padding__hover=\u00bb|||\u00bb][et_pb_text _builder_version=\u00bb4.6.1&#8243; text_font=\u00bb||||||||\u00bb text_font_size=\u00bb16px\u00bb text_line_height=\u00bb1.8em\u00bb header_font=\u00bb|800|||||||\u00bb header_font_size=\u00bb40px\u00bb header_2_font=\u00bb|300|||||||\u00bb header_2_font_size=\u00bb40px\u00bb text_orientation=\u00bbcenter\u00bb background_layout=\u00bbdark\u00bb custom_margin=\u00bb||7px|||\u00bb custom_padding=\u00bb0px|||||\u00bb text_font_size_tablet=\u00bb17px\u00bb text_font_size_phone=\u00bb14px\u00bb text_font_size_last_edited=\u00bbon|phone\u00bb header_font_size_tablet=\u00bb35px\u00bb header_font_size_phone=\u00bb30px\u00bb header_font_size_last_edited=\u00bbon|tablet\u00bb header_2_font_size_tablet=\u00bb35px\u00bb header_2_font_size_phone=\u00bb30px\u00bb header_2_font_size_last_edited=\u00bbon|phone\u00bb locked=\u00bboff\u00bb]<\/p>\n<h2>Instalaciones<\/h2>\n<h1>SANITARIAS<\/h1>\n<p>&nbsp;<\/p>\n<p>[\/et_pb_text][et_pb_image src=\u00bbhttps:\/\/hidrored.com.ar\/wp-content\/uploads\/2020\/09\/HIDRORED-Instalaciones-Sanitarias-4.png\u00bb title_text=\u00bbHIDRORED-Instalaciones-Sanitarias-4&#8243; align=\u00bbcenter\u00bb _builder_version=\u00bb4.6.1&#8243; _module_preset=\u00bbdefault\u00bb animation_style=\u00bbfold\u00bb border_radii=\u00bbon|25%|25%|25%|25%\u00bb box_shadow_style=\u00bbpreset1&#8243; box_shadow_color=\u00bb#ffffff\u00bb][\/et_pb_image][\/et_pb_column][et_pb_column type=\u00bb1_2&#8243; specialty_columns=\u00bb2&#8243; _builder_version=\u00bb3.25&#8243; custom_padding=\u00bb|||\u00bb custom_padding__hover=\u00bb|||\u00bb][et_pb_row_inner _builder_version=\u00bb4.6.1&#8243; _module_preset=\u00bbdefault\u00bb custom_padding=\u00bb46px|||||\u00bb][et_pb_column_inner saved_specialty_column_type=\u00bb1_2&#8243; _builder_version=\u00bb4.6.1&#8243; _module_preset=\u00bbdefault\u00bb][et_pb_toggle title=\u00bbTendido de Desag\u00fces\u00bb icon_color=\u00bb#e02b20&#8243; _builder_version=\u00bb4.6.1&#8243; _module_preset=\u00bbdefault\u00bb title_text_color=\u00bb#000000&#8243; title_font=\u00bb|600|||||||\u00bb border_width_top=\u00bb6px\u00bb border_color_top=\u00bb#000000&#8243;]<\/p>\n<p><span style=\"font-weight: 400;\">&#8230; secundarios y primarios y su vinculaci\u00f3n entre los mismos, con sus respectivas piletas de patio\/ bocas de acceso c\u00e1maras y\/o tapas de inspecci\u00f3n, Hasta su volcamiento a Colectora Cloacal y\/o pozo absorbente.<\/span><\/p>\n<p>[\/et_pb_toggle][et_pb_toggle title=\u00bbTendidos Pluviales\u00bb icon_color=\u00bb#e02b20&#8243; _builder_version=\u00bb4.6.1&#8243; _module_preset=\u00bbdefault\u00bb title_text_color=\u00bb#000000&#8243; title_font=\u00bb|600|||||||\u00bb border_width_top=\u00bb6px\u00bb border_color_top=\u00bb#000000&#8243;]<\/p>\n<p><span style=\"font-weight: 400;\">&#8230;\u00a0<\/span><span style=\"font-weight: 400;\">con sus bajadas y\/o tapadas hasta su volcamiento a cord\u00f3n vereda \/ pluvioducto y\/o libre escurrimiento.<\/span><\/p>\n<p>[\/et_pb_toggle][et_pb_toggle title=\u00bbFabricaci\u00f3n de Colectores\u00bb icon_color=\u00bb#e02b20&#8243; _builder_version=\u00bb4.6.1&#8243; _module_preset=\u00bbdefault\u00bb title_text_color=\u00bb#000000&#8243; title_font=\u00bb|600|||||||\u00bb border_width_top=\u00bb6px\u00bb border_color_top=\u00bb#000000&#8243;]<\/p>\n<p><span style=\"font-weight: 400;\">\u00a0&#8230; en acero inoxidable y\/o Laton cobre.<\/span><\/p>\n<p>[\/et_pb_toggle][et_pb_toggle title=\u00bbTendido de Ca\u00f1er\u00edas de Impulsi\u00f3n\u00bb icon_color=\u00bb#e02b20&#8243; _builder_version=\u00bb4.6.1&#8243; _module_preset=\u00bbdefault\u00bb title_text_color=\u00bb#000000&#8243; title_font=\u00bb|600|||||||\u00bb border_width_top=\u00bb6px\u00bb border_color_top=\u00bb#000000&#8243;]<\/p>\n<p><span style=\"font-weight: 400;\">&#8230; hasta su conexionado con tanques de Reserva<\/span><\/p>\n<p>[\/et_pb_toggle][et_pb_toggle title=\u00bbMontantes de Alimentaci\u00f3n\u00bb icon_color=\u00bb#e02b20&#8243; _builder_version=\u00bb4.6.1&#8243; _module_preset=\u00bbdefault\u00bb title_text_color=\u00bb#000000&#8243; title_font=\u00bb|600|||||||\u00bb border_width_top=\u00bb6px\u00bb border_color_top=\u00bb#000000&#8243;]<\/p>\n<p><span style=\"font-weight: 400;\">&#8230; hasta los respectivos Grupos Sanitarios.<\/span><\/p>\n<p>[\/et_pb_toggle][et_pb_toggle title=\u00bbDistribuci\u00f3n Interna \u00bb icon_color=\u00bb#e02b20&#8243; _builder_version=\u00bb4.6.1&#8243; _module_preset=\u00bbdefault\u00bb title_text_color=\u00bb#000000&#8243; title_font=\u00bb|600|||||||\u00bb border_width_top=\u00bb6px\u00bb border_color_top=\u00bb#000000&#8243;]<\/p>\n<p><span style=\"font-weight: 400;\">&#8230; a partir de las llaves de Paso a los efectos de independizar los Circuitos Sanitarios.<\/span><\/p>\n<p>[\/et_pb_toggle][et_pb_toggle title=\u00bbArmado y conexionado de Artefactos\u00bb icon_color=\u00bb#e02b20&#8243; _builder_version=\u00bb4.6.1&#8243; _module_preset=\u00bbdefault\u00bb title_text_color=\u00bb#000000&#8243; title_font=\u00bb|600|||||||\u00bb border_width_top=\u00bb6px\u00bb border_color_top=\u00bb#000000&#8243;]<\/p>\n<p><span style=\"font-weight: 400;\">y\/o provisi\u00f3n de los mismos Seg\u00fan Requerimiento.<\/span><\/p>\n<p>[\/et_pb_toggle][\/et_pb_column_inner][\/et_pb_row_inner][\/et_pb_column][\/et_pb_section][et_pb_section fb_built=\u00bb1&#8243; module_id=\u00bbcontactos\u00bb _builder_version=\u00bb4.6.1&#8243; background_color=\u00bb#141414&#8243; custom_padding=\u00bb||12px|||\u00bb][et_pb_row column_structure=\u00bb1_2,1_2&#8243; _builder_version=\u00bb4.4.1&#8243;][et_pb_column type=\u00bb1_2&#8243; _builder_version=\u00bb4.4.1&#8243;][et_pb_text _builder_version=\u00bb4.6.1&#8243; text_font=\u00bb||||||||\u00bb text_line_height=\u00bb1.8em\u00bb header_font=\u00bb|800|||||||\u00bb header_font_size=\u00bb25px\u00bb header_2_font=\u00bb|300|||||||\u00bb header_2_font_size=\u00bb25px\u00bb background_layout=\u00bbdark\u00bb custom_padding=\u00bb0px|||||\u00bb text_font_size_tablet=\u00bb17px\u00bb text_font_size_phone=\u00bb14px\u00bb text_font_size_last_edited=\u00bbon|phone\u00bb header_2_font_size_tablet=\u00bb60px\u00bb header_2_font_size_phone=\u00bb36px\u00bb header_2_font_size_last_edited=\u00bbon|desktop\u00bb locked=\u00bboff\u00bb]<\/p>\n<h2>Escr\u00edbenos<\/h2>\n<h1>FORMULARIO DE CONTACTO<\/h1>\n<p>Rellena el formulario y env\u00edanos tu informaci\u00f3n y detalle de proyecto. Nos pondremos en contacto a la brevedad.<\/p>\n<p>[\/et_pb_text][et_pb_image src=\u00bbhttps:\/\/hidrored.com.ar\/wp-content\/uploads\/2020\/09\/Inicio-HIDRORED-SISTEMAS-DE-PROTECCION-CONTRA-INCENDIO.png\u00bb _builder_version=\u00bb4.6.1&#8243; background_enable_color=\u00bboff\u00bb filter_saturate=\u00bb107%\u00bb filter_brightness=\u00bb105%\u00bb filter_contrast=\u00bb145%\u00bb hover_enabled=\u00bb0&#8243; border_radii=\u00bbon|5%|5%|5%|5%\u00bb border_width_right=\u00bb4px\u00bb border_color_right=\u00bb#ffffff\u00bb border_width_left=\u00bb4px\u00bb border_color_left=\u00bb#ffffff\u00bb url=\u00bbhttps:\/\/www.google.com\/maps\/place\/Carlos+Gardel+2455,+B1685FOW+El+Palomar,+Provincia+de+Buenos+Aires\/@-34.6339771,-58.6018198,17z\/data=!3m1!4b1!4m5!3m4!1s0x95bcb87df1c6842f:0x819b1e8fb5147639!8m2!3d-34.6339771!4d-58.5996311&#8243; sticky_enabled=\u00bb0&#8243;][\/et_pb_image][\/et_pb_column][et_pb_column type=\u00bb1_2&#8243; _builder_version=\u00bb4.4.1&#8243;][et_pb_contact_form captcha=\u00bboff\u00bb email=\u00bbcarlos.hidrored@gmail.com\u00bb custom_message=\u00bbFORMULARIO DE CONTACTO||et_pb_line_break_holder||*************************||et_pb_line_break_holder||NOMBRE: %%Nombre%%||et_pb_line_break_holder||EMAIL:%% Email%%||et_pb_line_break_holder||TELEFONO: %%Telefono%%||et_pb_line_break_holder||SU CONSULTA: %%Mensaje%%||et_pb_line_break_holder||Responder a la Brevedad\u00bb success_message=\u00bbFue Enviado! Pronto le responderemos!!\u00bb submit_button_text=\u00bbENVIAR\u00bb _builder_version=\u00bb4.6.1&#8243; form_field_focus_background_color=\u00bb#efefce\u00bb form_field_focus_text_color=\u00bb#0c71c3&#8243; form_field_font=\u00bb|600|||||||\u00bb custom_button=\u00bbon\u00bb button_text_color=\u00bb#ffffff\u00bb button_bg_color=\u00bb#0c71c3&#8243; button_border_width=\u00bb0px\u00bb button_use_icon=\u00bboff\u00bb custom_margin=\u00bb50px|||||\u00bb border_radii=\u00bbon|5px|5px|5px|5px\u00bb][et_pb_contact_field field_id=\u00bbNombre\u00bb field_title=\u00bbNombre\u00bb fullwidth_field=\u00bbon\u00bb _builder_version=\u00bb4.6.1&#8243; button_text_size__hover_enabled=\u00bboff\u00bb button_one_text_size__hover_enabled=\u00bboff\u00bb button_two_text_size__hover_enabled=\u00bboff\u00bb button_text_color__hover_enabled=\u00bboff\u00bb button_one_text_color__hover_enabled=\u00bboff\u00bb button_two_text_color__hover_enabled=\u00bboff\u00bb button_border_width__hover_enabled=\u00bboff\u00bb button_one_border_width__hover_enabled=\u00bboff\u00bb button_two_border_width__hover_enabled=\u00bboff\u00bb button_border_color__hover_enabled=\u00bboff\u00bb button_one_border_color__hover_enabled=\u00bboff\u00bb button_two_border_color__hover_enabled=\u00bboff\u00bb button_border_radius__hover_enabled=\u00bboff\u00bb button_one_border_radius__hover_enabled=\u00bboff\u00bb button_two_border_radius__hover_enabled=\u00bboff\u00bb button_letter_spacing__hover_enabled=\u00bboff\u00bb button_one_letter_spacing__hover_enabled=\u00bboff\u00bb button_two_letter_spacing__hover_enabled=\u00bboff\u00bb button_bg_color__hover_enabled=\u00bboff\u00bb button_one_bg_color__hover_enabled=\u00bboff\u00bb button_two_bg_color__hover_enabled=\u00bboff\u00bb][\/et_pb_contact_field][et_pb_contact_field field_id=\u00bbTelefono\u00bb field_title=\u00bbTel\u00e9fono\u00bb fullwidth_field=\u00bbon\u00bb _builder_version=\u00bb4.6.1&#8243; _module_preset=\u00bbdefault\u00bb][\/et_pb_contact_field][et_pb_contact_field field_id=\u00bbEmail\u00bb field_title=\u00bbEmail\u00bb field_type=\u00bbemail\u00bb fullwidth_field=\u00bbon\u00bb _builder_version=\u00bb4.6.1&#8243; button_text_size__hover_enabled=\u00bboff\u00bb button_one_text_size__hover_enabled=\u00bboff\u00bb button_two_text_size__hover_enabled=\u00bboff\u00bb button_text_color__hover_enabled=\u00bboff\u00bb button_one_text_color__hover_enabled=\u00bboff\u00bb button_two_text_color__hover_enabled=\u00bboff\u00bb button_border_width__hover_enabled=\u00bboff\u00bb button_one_border_width__hover_enabled=\u00bboff\u00bb button_two_border_width__hover_enabled=\u00bboff\u00bb button_border_color__hover_enabled=\u00bboff\u00bb button_one_border_color__hover_enabled=\u00bboff\u00bb button_two_border_color__hover_enabled=\u00bboff\u00bb button_border_radius__hover_enabled=\u00bboff\u00bb button_one_border_radius__hover_enabled=\u00bboff\u00bb button_two_border_radius__hover_enabled=\u00bboff\u00bb button_letter_spacing__hover_enabled=\u00bboff\u00bb button_one_letter_spacing__hover_enabled=\u00bboff\u00bb button_two_letter_spacing__hover_enabled=\u00bboff\u00bb button_bg_color__hover_enabled=\u00bboff\u00bb button_one_bg_color__hover_enabled=\u00bboff\u00bb button_two_bg_color__hover_enabled=\u00bboff\u00bb][\/et_pb_contact_field][et_pb_contact_field field_id=\u00bbMensaje\u00bb field_title=\u00bbSu Consulta..\u00bb field_type=\u00bbtext\u00bb fullwidth_field=\u00bbon\u00bb _builder_version=\u00bb4.6.1&#8243; button_text_size__hover_enabled=\u00bboff\u00bb button_one_text_size__hover_enabled=\u00bboff\u00bb button_two_text_size__hover_enabled=\u00bboff\u00bb button_text_color__hover_enabled=\u00bboff\u00bb button_one_text_color__hover_enabled=\u00bboff\u00bb button_two_text_color__hover_enabled=\u00bboff\u00bb button_border_width__hover_enabled=\u00bboff\u00bb button_one_border_width__hover_enabled=\u00bboff\u00bb button_two_border_width__hover_enabled=\u00bboff\u00bb button_border_color__hover_enabled=\u00bboff\u00bb button_one_border_color__hover_enabled=\u00bboff\u00bb button_two_border_color__hover_enabled=\u00bboff\u00bb button_border_radius__hover_enabled=\u00bboff\u00bb button_one_border_radius__hover_enabled=\u00bboff\u00bb button_two_border_radius__hover_enabled=\u00bboff\u00bb button_letter_spacing__hover_enabled=\u00bboff\u00bb button_one_letter_spacing__hover_enabled=\u00bboff\u00bb button_two_letter_spacing__hover_enabled=\u00bboff\u00bb button_bg_color__hover_enabled=\u00bboff\u00bb button_one_bg_color__hover_enabled=\u00bboff\u00bb button_two_bg_color__hover_enabled=\u00bboff\u00bb][\/et_pb_contact_field][\/et_pb_contact_form][\/et_pb_column][\/et_pb_row][\/et_pb_section][et_pb_section fb_built=\u00bb1&#8243; _builder_version=\u00bb4.4.1&#8243; background_color=\u00bb#141414&#8243; custom_padding=\u00bb||21px|||\u00bb bottom_divider_style=\u00bbarrow2&#8243; bottom_divider_color=\u00bb#fc0f0f\u00bb bottom_divider_height=\u00bb30px\u00bb][et_pb_row column_structure=\u00bb1_4,1_4,1_4,1_4&#8243; _builder_version=\u00bb4.4.1&#8243;][et_pb_column type=\u00bb1_4&#8243; _builder_version=\u00bb4.4.1&#8243;][et_pb_blurb title=\u00bbTELEFONO\u00bb use_icon=\u00bbon\u00bb font_icon=\u00bb%%264%%\u00bb icon_color=\u00bb#000000&#8243; use_circle=\u00bbon\u00bb circle_color=\u00bb#fc0f0f\u00bb icon_placement=\u00bbleft\u00bb _builder_version=\u00bb4.4.1&#8243; header_text_color=\u00bb#ffffff\u00bb body_text_color=\u00bb#777777&#8243; body_font_size=\u00bb15px\u00bb]<\/p>\n<p><span style=\"font-weight: 400;\">+54 9 11 6107-1618<\/span><\/p>\n<p>[\/et_pb_blurb][\/et_pb_column][et_pb_column type=\u00bb1_4&#8243; _builder_version=\u00bb4.4.1&#8243;][et_pb_blurb title=\u00bbARGENTINA\u00bb use_icon=\u00bbon\u00bb font_icon=\u00bb%%144%%\u00bb icon_color=\u00bb#000000&#8243; use_circle=\u00bbon\u00bb circle_color=\u00bb#fc0f0f\u00bb icon_placement=\u00bbleft\u00bb _builder_version=\u00bb4.4.1&#8243; header_text_color=\u00bb#ffffff\u00bb body_text_color=\u00bb#777777&#8243; body_font_size=\u00bb15px\u00bb]<\/p>\n<p><span style=\"font-weight: 400;\">El Palomar, Buenos Aires<\/span><\/p>\n<p>[\/et_pb_blurb][\/et_pb_column][et_pb_column type=\u00bb1_4&#8243; _builder_version=\u00bb4.4.1&#8243;][et_pb_blurb title=\u00bbLUNES A VIERNES\u00bb use_icon=\u00bbon\u00bb font_icon=\u00bb%%227%%\u00bb icon_color=\u00bb#000000&#8243; use_circle=\u00bbon\u00bb circle_color=\u00bb#fc0f0f\u00bb icon_placement=\u00bbleft\u00bb _builder_version=\u00bb4.4.1&#8243; header_text_color=\u00bb#ffffff\u00bb body_text_color=\u00bb#777777&#8243; body_font_size=\u00bb15px\u00bb]<\/p>\n<p><span style=\"font-weight: 400;\">De 9 a 18 Hs.<\/span><\/p>\n<p>[\/et_pb_blurb][\/et_pb_column][et_pb_column type=\u00bb1_4&#8243; _builder_version=\u00bb4.4.1&#8243;][et_pb_blurb title=\u00bbCONSULTAS\u00bb use_icon=\u00bbon\u00bb font_icon=\u00bb%%238%%\u00bb icon_color=\u00bb#000000&#8243; use_circle=\u00bbon\u00bb circle_color=\u00bb#fc0f0f\u00bb icon_placement=\u00bbleft\u00bb _builder_version=\u00bb4.4.1&#8243; header_text_color=\u00bb#ffffff\u00bb body_text_color=\u00bb#777777&#8243; body_font_size=\u00bb15px\u00bb]<\/p>\n<p>info@hidrored.com.ar<\/p>\n<p>[\/et_pb_blurb][\/et_pb_column][\/et_pb_row][\/et_pb_section]<\/p>\n","protected":false},"excerpt":{"rendered":"<p>INSTALACIONES SANITARIASNormas locales y NFPA 13-14-20Urbana, Redes de Agua, Redes de Cloaca y Plantas de TratamientoNuestros profesionales cuentan con posgrados en medio ambiente e ingenier\u00eda sanitaria y cursos en el exterior dictados por el IFSC sobre normas NFPALos dise\u00f1os de infraestructura son verificados por softwarePara edificios en altura\u00a0&#8230; de abastecimiento de agua en funciones de [&hellip;]<\/p>\n","protected":false},"author":1,"featured_media":0,"parent":0,"menu_order":0,"comment_status":"closed","ping_status":"closed","template":"","meta":{"_et_pb_use_builder":"on","_et_pb_old_content":"","_et_gb_content_width":"","footnotes":""},"class_list":["post-85","page","type-page","status-publish","hentry"],"_links":{"self":[{"href":"https:\/\/hidrored.com.ar\/index.php\/wp-json\/wp\/v2\/pages\/85","targetHints":{"allow":["GET"]}}],"collection":[{"href":"https:\/\/hidrored.com.ar\/index.php\/wp-json\/wp\/v2\/pages"}],"about":[{"href":"https:\/\/hidrored.com.ar\/index.php\/wp-json\/wp\/v2\/types\/page"}],"author":[{"embeddable":true,"href":"https:\/\/hidrored.com.ar\/index.php\/wp-json\/wp\/v2\/users\/1"}],"replies":[{"embeddable":true,"href":"https:\/\/hidrored.com.ar\/index.php\/wp-json\/wp\/v2\/comments?post=85"}],"version-history":[{"count":8,"href":"https:\/\/hidrored.com.ar\/index.php\/wp-json\/wp\/v2\/pages\/85\/revisions"}],"predecessor-version":[{"id":261,"href":"https:\/\/hidrored.com.ar\/index.php\/wp-json\/wp\/v2\/pages\/85\/revisions\/261"}],"wp:attachment":[{"href":"https:\/\/hidrored.com.ar\/index.php\/wp-json\/wp\/v2\/media?parent=85"}],"curies":[{"name":"wp","href":"https:\/\/api.w.org\/{rel}","templated":true}]}}